{"id":186,"date":"2021-11-29T21:59:28","date_gmt":"2021-11-29T20:59:28","guid":{"rendered":"http:\/\/www.beauprez.be\/?page_id=186"},"modified":"2021-11-29T21:59:28","modified_gmt":"2021-11-29T20:59:28","slug":"politique-de-confidentialite","status":"publish","type":"page","link":"https:\/\/www.beauprez.be\/?page_id=186&lang=fr","title":{"rendered":"Politique de confidentialit\u00e9"},"content":{"rendered":"\n<h2>Qui sommes nous<\/h2>\n\n\n\n<p>L&#8217;adresse de notre site est : https:\/\/www.beauprez.be.<\/p>\n\n\n\n<h2>R\u00e9actions<\/h2>\n\n\n\n<p>Lorsque les visiteurs laissent des commentaires sur le site, nous collectons les informations affich\u00e9es dans le formulaire de commentaires, l&#8217;adresse IP du visiteur et l&#8217;agent utilisateur du navigateur pour aider \u00e0 la d\u00e9tection de spam. <\/p>\n\n\n\n<p>Une cha\u00eene anonymis\u00e9e cr\u00e9\u00e9e \u00e0 partir de votre adresse e-mail (\u00e9galement appel\u00e9e hachage) peut \u00eatre envoy\u00e9e au service Gravatar si vous l&#8217;utilisez. La page de politique de confidentialit\u00e9 du service Gravatar se trouve ici : https:\/\/automattic.com\/privacy\/. Apr\u00e8s validation de votre commentaire, votre photo de profil sera visible publiquement \u00e0 cot\u00e9 de votre commentaire.<\/p>\n\n\n\n<h2>M\u00e9dias<\/h2>\n\n\n\n<p>Si vous \u00eates un utilisateur enregistr\u00e9 et que vous t\u00e9l\u00e9chargez des images sur le site, vous devez \u00e9viter de t\u00e9l\u00e9charger des images contenant des donn\u00e9es de localisation GPS EXIF. Les visiteurs du site peuvent t\u00e9l\u00e9charger les images du site et afficher les donn\u00e9es de localisation.<\/p>\n\n\n\n<h2>Cookies<\/h2>\n\n\n\n<p>Lorsque vous laissez un commentaire sur notre site, vous pouvez indiquer si votre nom, votre adresse e-mail et votre site peuvent \u00eatre enregistr\u00e9s dans un cookie. Nous le faisons pour votre commodit\u00e9 afin que vous n&#8217;ayez pas \u00e0 ressaisir ces informations pour une nouvelle r\u00e9ponse. Ces cookies sont valables un an. <\/p>\n\n\n\n<p>Lorsque vous visitez notre page de connexion, nous stockons un cookie temporaire pour v\u00e9rifier si votre navigateur accepte les cookies. Ce cookie ne contient aucune donn\u00e9e personnelle et est supprim\u00e9 d\u00e8s que vous fermez votre navigateur. <\/p>\n\n\n\n<p>Une fois que vous vous connectez, nous stockons des cookies en relation avec vos informations de connexion et vos options d&#8217;affichage \u00e0 l&#8217;\u00e9cran. Les cookies de connexion sont valables 2 jours et les cookies pour les options d&#8217;affichage \u00e0 l&#8217;\u00e9cran sont valables 1 an. Si vous s\u00e9lectionnez \u00ab\u00a0Se souvenir de moi\u00a0\u00bb, votre connexion sera enregistr\u00e9e pendant 2 semaines. D\u00e8s que vous vous d\u00e9connectez de votre compte, les cookies de connexion seront supprim\u00e9s. <\/p>\n\n\n\n<p>Lorsque vous modifiez ou publiez un message, un cookie suppl\u00e9mentaire est stock\u00e9 par votre navigateur. Ce cookie ne contient aucune donn\u00e9e personnelle et ne contient que l&#8217;ID de publication de l&#8217;article que vous avez \u00e9dit\u00e9. Ce cookie expire au bout d&#8217;un jour. <\/p>\n\n\n\n<h2>Contenu int\u00e9gr\u00e9 d&#8217;autres sites<\/h2>\n\n\n\n<p>Les publications sur ce site peuvent contenir du contenu int\u00e9gr\u00e9 (par exemple, des vid\u00e9os, des images, des messages, etc.). Le contenu int\u00e9gr\u00e9 d&#8217;autres sites se comporte exactement de la m\u00eame mani\u00e8re que si le visiteur avait visit\u00e9 cet autre site. <\/p>\n\n\n\n<p>Ces sites peuvent collecter des donn\u00e9es vous concernant, utiliser des cookies, int\u00e9grer un suivi tiers suppl\u00e9mentaire et surveiller votre interaction avec ce contenu int\u00e9gr\u00e9, y compris l&#8217;enregistrement de votre interaction avec le contenu int\u00e9gr\u00e9 si vous avez un compte et \u00eates connect\u00e9 \u00e0 ce site.<\/p>\n\n\n\n<h2>Avec qui partageons-nous vos donn\u00e9es<\/h2>\n\n\n\n<p>Si vous demandez une r\u00e9initialisation de mot de passe, votre adresse IP sera incluse dans l&#8217;e-mail de r\u00e9initialisation.<\/p>\n\n\n\n<h2>Combien de temps conservons-nous vos donn\u00e9es<\/h2>\n\n\n\n<p>Lorsque vous laissez un commentaire, ce commentaire et les m\u00e9tadonn\u00e9es de ce commentaire seront sauvegard\u00e9s pour toujours. De cette fa\u00e7on, nous pouvons automatiquement reconna\u00eetre et approuver les commentaires de suivi au lieu de les mod\u00e9rer. <\/p>\n\n\n\n<p>Pour les utilisateurs qui s&#8217;inscrivent sur notre site (le cas \u00e9ch\u00e9ant), nous stockons \u00e9galement les informations personnelles qu&#8217;ils fournissent dans leur profil d&#8217;utilisateur. Tous les utilisateurs peuvent afficher, modifier ou supprimer leurs informations personnelles \u00e0 tout moment (sauf qu&#8217;ils ne peuvent pas changer leur nom d&#8217;utilisateur). Les administrateurs du site peuvent \u00e9galement afficher et modifier ces informations.<\/p>\n\n\n\n<h2>Quels droits vous avez sur vos donn\u00e9es<\/h2>\n\n\n\n<p>Si vous avez un compte sur ce site ou avez laiss\u00e9 des commentaires, vous pouvez demander un fichier export\u00e9 des informations personnelles que nous d\u00e9tenons \u00e0 votre sujet, y compris toute information que vous nous avez fournie. Vous pouvez \u00e9galement demander que nous effacions toutes les donn\u00e9es personnelles que nous d\u00e9tenons \u00e0 votre sujet. Cela n&#8217;inclut pas les donn\u00e9es que nous sommes tenus de conserver \u00e0 des fins administratives, juridiques ou de s\u00e9curit\u00e9.<\/p>\n\n\n\n<h2>O\u00f9 nous envoyons vos donn\u00e9es<\/h2>\n\n\n\n<p>Les commentaires des visiteurs peuvent \u00eatre v\u00e9rifi\u00e9s via un service automatis\u00e9 de d\u00e9tection de spam. Ce site et toutes les donn\u00e9es qu&#8217;il stocke sont h\u00e9berg\u00e9s au sein de l&#8217;Union europ\u00e9enne. <\/p>\n\n\n\n<p>Le trafic sur ce site est analys\u00e9 par Google Analytics. Ces donn\u00e9es sont totalement anonymis\u00e9es. Seules les donn\u00e9es du navigateur, les termes de recherche et les pages visit\u00e9es sont suivis pour optimiser le site<\/p>\n","protected":false},"excerpt":{"rendered":"<p>Qui sommes nous L&#8217;adresse de notre site est : https:\/\/www.beauprez.be. R\u00e9actions Lorsque les visiteurs laissent des commentaires sur le site, nous collectons les informations affich\u00e9es dans le formulaire de commentaires, l&#8217;adresse IP du visiteur et l&#8217;agent utilisateur du navigateur pour aider \u00e0 la d\u00e9tection de spam. Une cha\u00eene anonymis\u00e9e cr\u00e9\u00e9e \u00e0 partir de votre adresse [&hellip;]<\/p>\n","protected":false},"author":1,"featured_media":0,"parent":0,"menu_order":0,"comment_status":"closed","ping_status":"closed","template":"","meta":{"wprm-recipe-roundup-name":"","wprm-recipe-roundup-description":""},"yoast_head":"<!-- This site is optimized with the Yoast SEO plugin v19.4 - https:\/\/yoast.com\/wordpress\/plugins\/seo\/ -->\n<title>Politique de confidentialit\u00e9 - Beauprez.be<\/title>\n<meta name=\"robots\" content=\"index, follow, max-snippet:-1, max-image-preview:large, max-video-preview:-1\" \/>\n<link rel=\"canonical\" href=\"https:\/\/www.beauprez.be\/?page_id=186&lang=fr\" \/>\n<meta property=\"og:locale\" content=\"nl_NL\" \/>\n<meta property=\"og:type\" content=\"article\" \/>\n<meta property=\"og:title\" content=\"Politique de confidentialit\u00e9 - Beauprez.be\" \/>\n<meta property=\"og:description\" content=\"Qui sommes nous L&#8217;adresse de notre site est : https:\/\/www.beauprez.be. R\u00e9actions Lorsque les visiteurs laissent des commentaires sur le site, nous collectons les informations affich\u00e9es dans le formulaire de commentaires, l&#8217;adresse IP du visiteur et l&#8217;agent utilisateur du navigateur pour aider \u00e0 la d\u00e9tection de spam. Une cha\u00eene anonymis\u00e9e cr\u00e9\u00e9e \u00e0 partir de votre adresse [&hellip;]\" \/>\n<meta property=\"og:url\" content=\"https:\/\/www.beauprez.be\/?page_id=186&amp;lang=fr\" \/>\n<meta property=\"og:site_name\" content=\"Beauprez.be\" \/>\n<meta name=\"twitter:card\" content=\"summary_large_image\" \/>\n<meta name=\"twitter:label1\" content=\"Geschatte leestijd\" \/>\n\t<meta name=\"twitter:data1\" content=\"4 minuten\" \/>\n<script type=\"application\/ld+json\" class=\"yoast-schema-graph\">{\"@context\":\"https:\/\/schema.org\",\"@graph\":[{\"@type\":\"Organization\",\"@id\":\"https:\/\/www.beauprez.be\/#organization\",\"name\":\"Beauprez.be\",\"url\":\"https:\/\/www.beauprez.be\/\",\"sameAs\":[],\"logo\":{\"@type\":\"ImageObject\",\"inLanguage\":\"nl\",\"@id\":\"https:\/\/www.beauprez.be\/#\/schema\/logo\/image\/\",\"url\":\"http:\/\/www.beauprez.be\/wp-content\/uploads\/2021\/11\/image3.jpeg\",\"contentUrl\":\"http:\/\/www.beauprez.be\/wp-content\/uploads\/2021\/11\/image3.jpeg\",\"width\":1512,\"height\":2016,\"caption\":\"Beauprez.be\"},\"image\":{\"@id\":\"https:\/\/www.beauprez.be\/#\/schema\/logo\/image\/\"}},{\"@type\":\"WebSite\",\"@id\":\"https:\/\/www.beauprez.be\/#website\",\"url\":\"https:\/\/www.beauprez.be\/\",\"name\":\"Beauprez.be\",\"description\":\"Familie Beauprez en Klerken, het dorp op de heuvel\",\"publisher\":{\"@id\":\"https:\/\/www.beauprez.be\/#organization\"},\"potentialAction\":[{\"@type\":\"SearchAction\",\"target\":{\"@type\":\"EntryPoint\",\"urlTemplate\":\"https:\/\/www.beauprez.be\/?s={search_term_string}\"},\"query-input\":\"required name=search_term_string\"}],\"inLanguage\":\"nl\"},{\"@type\":\"WebPage\",\"@id\":\"https:\/\/www.beauprez.be\/?page_id=186&lang=fr\",\"url\":\"https:\/\/www.beauprez.be\/?page_id=186&lang=fr\",\"name\":\"Politique de confidentialit\u00e9 - Beauprez.be\",\"isPartOf\":{\"@id\":\"https:\/\/www.beauprez.be\/#website\"},\"datePublished\":\"2021-11-29T20:59:28+00:00\",\"dateModified\":\"2021-11-29T20:59:28+00:00\",\"breadcrumb\":{\"@id\":\"https:\/\/www.beauprez.be\/?page_id=186&lang=fr#breadcrumb\"},\"inLanguage\":\"nl\",\"potentialAction\":[{\"@type\":\"ReadAction\",\"target\":[\"https:\/\/www.beauprez.be\/?page_id=186&lang=fr\"]}]},{\"@type\":\"BreadcrumbList\",\"@id\":\"https:\/\/www.beauprez.be\/?page_id=186&lang=fr#breadcrumb\",\"itemListElement\":[{\"@type\":\"ListItem\",\"position\":1,\"name\":\"Home\",\"item\":\"https:\/\/www.beauprez.be\/\"},{\"@type\":\"ListItem\",\"position\":2,\"name\":\"Politique de confidentialit\u00e9\"}]}]}<\/script>\n<!-- \/ Yoast SEO plugin. -->","yoast_head_json":{"title":"Politique de confidentialit\u00e9 - Beauprez.be","robots":{"index":"index","follow":"follow","max-snippet":"max-snippet:-1","max-image-preview":"max-image-preview:large","max-video-preview":"max-video-preview:-1"},"canonical":"https:\/\/www.beauprez.be\/?page_id=186&lang=fr","og_locale":"nl_NL","og_type":"article","og_title":"Politique de confidentialit\u00e9 - Beauprez.be","og_description":"Qui sommes nous L&#8217;adresse de notre site est : https:\/\/www.beauprez.be. R\u00e9actions Lorsque les visiteurs laissent des commentaires sur le site, nous collectons les informations affich\u00e9es dans le formulaire de commentaires, l&#8217;adresse IP du visiteur et l&#8217;agent utilisateur du navigateur pour aider \u00e0 la d\u00e9tection de spam. Une cha\u00eene anonymis\u00e9e cr\u00e9\u00e9e \u00e0 partir de votre adresse [&hellip;]","og_url":"https:\/\/www.beauprez.be\/?page_id=186&lang=fr","og_site_name":"Beauprez.be","twitter_card":"summary_large_image","twitter_misc":{"Geschatte leestijd":"4 minuten"},"schema":{"@context":"https:\/\/schema.org","@graph":[{"@type":"Organization","@id":"https:\/\/www.beauprez.be\/#organization","name":"Beauprez.be","url":"https:\/\/www.beauprez.be\/","sameAs":[],"logo":{"@type":"ImageObject","inLanguage":"nl","@id":"https:\/\/www.beauprez.be\/#\/schema\/logo\/image\/","url":"http:\/\/www.beauprez.be\/wp-content\/uploads\/2021\/11\/image3.jpeg","contentUrl":"http:\/\/www.beauprez.be\/wp-content\/uploads\/2021\/11\/image3.jpeg","width":1512,"height":2016,"caption":"Beauprez.be"},"image":{"@id":"https:\/\/www.beauprez.be\/#\/schema\/logo\/image\/"}},{"@type":"WebSite","@id":"https:\/\/www.beauprez.be\/#website","url":"https:\/\/www.beauprez.be\/","name":"Beauprez.be","description":"Familie Beauprez en Klerken, het dorp op de heuvel","publisher":{"@id":"https:\/\/www.beauprez.be\/#organization"},"potentialAction":[{"@type":"SearchAction","target":{"@type":"EntryPoint","urlTemplate":"https:\/\/www.beauprez.be\/?s={search_term_string}"},"query-input":"required name=search_term_string"}],"inLanguage":"nl"},{"@type":"WebPage","@id":"https:\/\/www.beauprez.be\/?page_id=186&lang=fr","url":"https:\/\/www.beauprez.be\/?page_id=186&lang=fr","name":"Politique de confidentialit\u00e9 - Beauprez.be","isPartOf":{"@id":"https:\/\/www.beauprez.be\/#website"},"datePublished":"2021-11-29T20:59:28+00:00","dateModified":"2021-11-29T20:59:28+00:00","breadcrumb":{"@id":"https:\/\/www.beauprez.be\/?page_id=186&lang=fr#breadcrumb"},"inLanguage":"nl","potentialAction":[{"@type":"ReadAction","target":["https:\/\/www.beauprez.be\/?page_id=186&lang=fr"]}]},{"@type":"BreadcrumbList","@id":"https:\/\/www.beauprez.be\/?page_id=186&lang=fr#breadcrumb","itemListElement":[{"@type":"ListItem","position":1,"name":"Home","item":"https:\/\/www.beauprez.be\/"},{"@type":"ListItem","position":2,"name":"Politique de confidentialit\u00e9"}]}]}},"_links":{"self":[{"href":"https:\/\/www.beauprez.be\/index.php?rest_route=\/wp\/v2\/pages\/186"}],"collection":[{"href":"https:\/\/www.beauprez.be\/index.php?rest_route=\/wp\/v2\/pages"}],"about":[{"href":"https:\/\/www.beauprez.be\/index.php?rest_route=\/wp\/v2\/types\/page"}],"author":[{"embeddable":true,"href":"https:\/\/www.beauprez.be\/index.php?rest_route=\/wp\/v2\/users\/1"}],"replies":[{"embeddable":true,"href":"https:\/\/www.beauprez.be\/index.php?rest_route=%2Fwp%2Fv2%2Fcomments&post=186"}],"version-history":[{"count":2,"href":"https:\/\/www.beauprez.be\/index.php?rest_route=\/wp\/v2\/pages\/186\/revisions"}],"predecessor-version":[{"id":189,"href":"https:\/\/www.beauprez.be\/index.php?rest_route=\/wp\/v2\/pages\/186\/revisions\/189"}],"wp:attachment":[{"href":"https:\/\/www.beauprez.be\/index.php?rest_route=%2Fwp%2Fv2%2Fmedia&parent=186"}],"curies":[{"name":"wp","href":"https:\/\/api.w.org\/{rel}","templated":true}]}}